{"id":2767,"date":"2021-07-19T20:29:11","date_gmt":"2021-07-19T17:29:11","guid":{"rendered":"https:\/\/umamekk.ee\/?page_id=2767"},"modified":"2025-09-05T11:39:05","modified_gmt":"2025-09-05T08:39:05","slug":"homepage","status":"publish","type":"page","link":"https:\/\/umamekk.ee\/en\/","title":{"rendered":"Homepage"},"content":{"rendered":"<p>[et_pb_section fb_built=&#8221;1&#8243; admin_label=&#8221;section&#8221; _builder_version=&#8221;4.27.4&#8243; hover_enabled=&#8221;0&#8243; global_colors_info=&#8221;{}&#8221; custom_padding=&#8221;0px||0px||true|false&#8221; sticky_enabled=&#8221;0&#8243;][et_pb_row admin_label=&#8221;row&#8221; _builder_version=&#8221;4.16&#8243; background_size=&#8221;initial&#8221; background_position=&#8221;top_left&#8221; background_repeat=&#8221;repeat&#8221; global_colors_info=&#8221;{}&#8221;][et_pb_column type=&#8221;4_4&#8243; _builder_version=&#8221;4.16&#8243; custom_padding=&#8221;|||&#8221; global_colors_info=&#8221;{}&#8221; custom_padding__hover=&#8221;|||&#8221;][et_pb_text admin_label=&#8221;Text&#8221; _builder_version=&#8221;4.27.4&#8243; background_size=&#8221;initial&#8221; background_position=&#8221;top_left&#8221; background_repeat=&#8221;repeat&#8221; global_colors_info=&#8221;{}&#8221;]<\/p>\n<p>UMA MEKK (\u201cown flavour\u201d in V\u00f5ru language) is a name for a local brand of food and beverages from Old -V\u00f5romaa in Estonia.<\/p>\n<p>Products bearing a logo Uma Mekk are grown or made from a local produce from an area in South East Estonia which include counties of P\u00f5lva, Valga or V\u00f5ru.<\/p>\n<p>The distinct local flavour or \u201cUma mekk\u201d comes from our land and forest where the food grows and the knowledge, skills and traditions of the ancestors of preparing the food.<\/p>\n<p>You can rest assure in the quality and the authenticity of the product by choosing Uma Mekk brand. Choosing to buy from the Uma Mekk producers you support the area and the local small businesses.<\/p>\n<p>You can find Uma Mekk farms and produces online: <a href=\"https:\/\/umamekk.ee\/en\/products\" target=\"_blank\" rel=\"noopener\">https:\/\/umamekk.ee\/en\/products<\/a><\/p>\n<p>Umal s\u00f6\u00f6gil om mekki! Deliciously local food!<\/p>\n<p>Where can you buy Uma Mekk produce?<\/p>\n<ul>\n<li>from online shops of the farms connected to the brand<\/li>\n<li>visiting the local farms of the brand or contacting the farms directly to receive the produce by mail<\/li>\n<li>from Uma Mekk stand in V\u00f5ru Maksimarket<\/li>\n<li>from shops around Estonia, you can recognise the brand by Uma Mekk logo<\/li>\n<\/ul>\n<p>[\/et_pb_text][\/et_pb_column][\/et_pb_row][\/et_pb_section]<\/p>\n","protected":false},"excerpt":{"rendered":"<p>UMA MEKK (\u201cown&#8230;<\/p>\n","protected":false},"author":1,"featured_media":0,"parent":0,"menu_order":0,"comment_status":"closed","ping_status":"closed","template":"page-fullwith.php","meta":{"_acf_changed":false,"_et_pb_use_builder":"on","_et_pb_old_content":"","_et_gb_content_width":"","footnotes":""},"class_list":["post-2767","page","type-page","status-publish","hentry"],"acf":[],"yoast_head":"<!-- This site is optimized with the Yoast SEO plugin v27.4 - https:\/\/yoast.com\/product\/yoast-seo-wordpress\/ -->\n<title>Homepage - Uma Mekk<\/title>\n<meta name=\"robots\" content=\"index, follow, max-snippet:-1, max-image-preview:large, max-video-preview:-1\" \/>\n<link rel=\"canonical\" href=\"https:\/\/umamekk.ee\/en\/\" \/>\n<meta property=\"og:locale\" content=\"en_US\" \/>\n<meta property=\"og:type\" content=\"article\" \/>\n<meta property=\"og:title\" content=\"Homepage - Uma Mekk\" \/>\n<meta property=\"og:description\" content=\"UMA MEKK (\u201cown...\" \/>\n<meta property=\"og:url\" content=\"https:\/\/umamekk.ee\/en\/\" \/>\n<meta property=\"og:site_name\" content=\"Uma Mekk\" \/>\n<meta property=\"article:publisher\" content=\"https:\/\/www.facebook.com\/umamekk\" \/>\n<meta property=\"article:modified_time\" content=\"2025-09-05T08:39:05+00:00\" \/>\n<meta property=\"og:image\" content=\"https:\/\/umamekk.ee\/wp-content\/uploads\/2017\/09\/uma-mekk-fb.jpg\" \/>\n\t<meta property=\"og:image:width\" content=\"200\" \/>\n\t<meta property=\"og:image:height\" content=\"200\" \/>\n\t<meta property=\"og:image:type\" content=\"image\/jpeg\" \/>\n<meta name=\"twitter:card\" content=\"summary_large_image\" \/>\n<meta name=\"twitter:label1\" content=\"Est. reading time\" \/>\n\t<meta name=\"twitter:data1\" content=\"2 minutes\" \/>\n<script type=\"application\/ld+json\" class=\"yoast-schema-graph\">{\"@context\":\"https:\\\/\\\/schema.org\",\"@graph\":[{\"@type\":\"WebPage\",\"@id\":\"https:\\\/\\\/umamekk.ee\\\/en\\\/\",\"url\":\"https:\\\/\\\/umamekk.ee\\\/en\\\/\",\"name\":\"Homepage - Uma Mekk\",\"isPartOf\":{\"@id\":\"https:\\\/\\\/umamekk.ee\\\/en\\\/#website\"},\"datePublished\":\"2021-07-19T17:29:11+00:00\",\"dateModified\":\"2025-09-05T08:39:05+00:00\",\"breadcrumb\":{\"@id\":\"https:\\\/\\\/umamekk.ee\\\/en\\\/#breadcrumb\"},\"inLanguage\":\"en-US\",\"potentialAction\":[{\"@type\":\"ReadAction\",\"target\":[\"https:\\\/\\\/umamekk.ee\\\/en\\\/\"]}]},{\"@type\":\"BreadcrumbList\",\"@id\":\"https:\\\/\\\/umamekk.ee\\\/en\\\/#breadcrumb\",\"itemListElement\":[{\"@type\":\"ListItem\",\"position\":1,\"name\":\"Home\",\"item\":\"https:\\\/\\\/umamekk.ee\\\/en\\\/\"},{\"@type\":\"ListItem\",\"position\":2,\"name\":\"Homepage\"}]},{\"@type\":\"WebSite\",\"@id\":\"https:\\\/\\\/umamekk.ee\\\/en\\\/#website\",\"url\":\"https:\\\/\\\/umamekk.ee\\\/en\\\/\",\"name\":\"Uma Mekk\",\"description\":\"V\u00f5rumaa p\u00e4ritoluga toidu kaubam\u00e4rgis\",\"publisher\":{\"@id\":\"https:\\\/\\\/umamekk.ee\\\/en\\\/#organization\"},\"potentialAction\":[{\"@type\":\"SearchAction\",\"target\":{\"@type\":\"EntryPoint\",\"urlTemplate\":\"https:\\\/\\\/umamekk.ee\\\/en\\\/?s={search_term_string}\"},\"query-input\":{\"@type\":\"PropertyValueSpecification\",\"valueRequired\":true,\"valueName\":\"search_term_string\"}}],\"inLanguage\":\"en-US\"},{\"@type\":\"Organization\",\"@id\":\"https:\\\/\\\/umamekk.ee\\\/en\\\/#organization\",\"name\":\"Uma Mekk\",\"url\":\"https:\\\/\\\/umamekk.ee\\\/en\\\/\",\"logo\":{\"@type\":\"ImageObject\",\"inLanguage\":\"en-US\",\"@id\":\"https:\\\/\\\/umamekk.ee\\\/en\\\/#\\\/schema\\\/logo\\\/image\\\/\",\"url\":\"https:\\\/\\\/umamekk.ee\\\/wp-content\\\/uploads\\\/2017\\\/09\\\/uma-mekk-logo-big.png\",\"contentUrl\":\"https:\\\/\\\/umamekk.ee\\\/wp-content\\\/uploads\\\/2017\\\/09\\\/uma-mekk-logo-big.png\",\"width\":800,\"height\":1087,\"caption\":\"Uma Mekk\"},\"image\":{\"@id\":\"https:\\\/\\\/umamekk.ee\\\/en\\\/#\\\/schema\\\/logo\\\/image\\\/\"},\"sameAs\":[\"https:\\\/\\\/www.facebook.com\\\/umamekk\"]}]}<\/script>\n<!-- \/ Yoast SEO plugin. -->","yoast_head_json":{"title":"Homepage - Uma Mekk","robots":{"index":"index","follow":"follow","max-snippet":"max-snippet:-1","max-image-preview":"max-image-preview:large","max-video-preview":"max-video-preview:-1"},"canonical":"https:\/\/umamekk.ee\/en\/","og_locale":"en_US","og_type":"article","og_title":"Homepage - Uma Mekk","og_description":"UMA MEKK (\u201cown...","og_url":"https:\/\/umamekk.ee\/en\/","og_site_name":"Uma Mekk","article_publisher":"https:\/\/www.facebook.com\/umamekk","article_modified_time":"2025-09-05T08:39:05+00:00","og_image":[{"width":200,"height":200,"url":"https:\/\/umamekk.ee\/wp-content\/uploads\/2017\/09\/uma-mekk-fb.jpg","type":"image\/jpeg"}],"twitter_card":"summary_large_image","twitter_misc":{"Est. reading time":"2 minutes"},"schema":{"@context":"https:\/\/schema.org","@graph":[{"@type":"WebPage","@id":"https:\/\/umamekk.ee\/en\/","url":"https:\/\/umamekk.ee\/en\/","name":"Homepage - Uma Mekk","isPartOf":{"@id":"https:\/\/umamekk.ee\/en\/#website"},"datePublished":"2021-07-19T17:29:11+00:00","dateModified":"2025-09-05T08:39:05+00:00","breadcrumb":{"@id":"https:\/\/umamekk.ee\/en\/#breadcrumb"},"inLanguage":"en-US","potentialAction":[{"@type":"ReadAction","target":["https:\/\/umamekk.ee\/en\/"]}]},{"@type":"BreadcrumbList","@id":"https:\/\/umamekk.ee\/en\/#breadcrumb","itemListElement":[{"@type":"ListItem","position":1,"name":"Home","item":"https:\/\/umamekk.ee\/en\/"},{"@type":"ListItem","position":2,"name":"Homepage"}]},{"@type":"WebSite","@id":"https:\/\/umamekk.ee\/en\/#website","url":"https:\/\/umamekk.ee\/en\/","name":"Uma Mekk","description":"V\u00f5rumaa p\u00e4ritoluga toidu kaubam\u00e4rgis","publisher":{"@id":"https:\/\/umamekk.ee\/en\/#organization"},"potentialAction":[{"@type":"SearchAction","target":{"@type":"EntryPoint","urlTemplate":"https:\/\/umamekk.ee\/en\/?s={search_term_string}"},"query-input":{"@type":"PropertyValueSpecification","valueRequired":true,"valueName":"search_term_string"}}],"inLanguage":"en-US"},{"@type":"Organization","@id":"https:\/\/umamekk.ee\/en\/#organization","name":"Uma Mekk","url":"https:\/\/umamekk.ee\/en\/","logo":{"@type":"ImageObject","inLanguage":"en-US","@id":"https:\/\/umamekk.ee\/en\/#\/schema\/logo\/image\/","url":"https:\/\/umamekk.ee\/wp-content\/uploads\/2017\/09\/uma-mekk-logo-big.png","contentUrl":"https:\/\/umamekk.ee\/wp-content\/uploads\/2017\/09\/uma-mekk-logo-big.png","width":800,"height":1087,"caption":"Uma Mekk"},"image":{"@id":"https:\/\/umamekk.ee\/en\/#\/schema\/logo\/image\/"},"sameAs":["https:\/\/www.facebook.com\/umamekk"]}]}},"_links":{"self":[{"href":"https:\/\/umamekk.ee\/en\/wp-json\/wp\/v2\/pages\/2767","targetHints":{"allow":["GET"]}}],"collection":[{"href":"https:\/\/umamekk.ee\/en\/wp-json\/wp\/v2\/pages"}],"about":[{"href":"https:\/\/umamekk.ee\/en\/wp-json\/wp\/v2\/types\/page"}],"author":[{"embeddable":true,"href":"https:\/\/umamekk.ee\/en\/wp-json\/wp\/v2\/users\/1"}],"replies":[{"embeddable":true,"href":"https:\/\/umamekk.ee\/en\/wp-json\/wp\/v2\/comments?post=2767"}],"version-history":[{"count":10,"href":"https:\/\/umamekk.ee\/en\/wp-json\/wp\/v2\/pages\/2767\/revisions"}],"predecessor-version":[{"id":9408,"href":"https:\/\/umamekk.ee\/en\/wp-json\/wp\/v2\/pages\/2767\/revisions\/9408"}],"wp:attachment":[{"href":"https:\/\/umamekk.ee\/en\/wp-json\/wp\/v2\/media?parent=2767"}],"curies":[{"name":"wp","href":"https:\/\/api.w.org\/{rel}","templated":true}]}}