{"id":2789,"date":"2021-07-22T09:08:05","date_gmt":"2021-07-22T06:08:05","guid":{"rendered":"https:\/\/umamekk.ee\/?page_id=2789"},"modified":"2025-09-05T11:45:19","modified_gmt":"2025-09-05T08:45:19","slug":"producers","status":"publish","type":"page","link":"https:\/\/umamekk.ee\/en\/producers\/","title":{"rendered":"Producers"},"content":{"rendered":"","protected":false},"excerpt":{"rendered":"","protected":false},"author":1,"featured_media":0,"parent":0,"menu_order":0,"comment_status":"closed","ping_status":"closed","template":"page-tootjad.php","meta":{"_acf_changed":false,"_et_pb_use_builder":"on","_et_pb_old_content":"","_et_gb_content_width":"","footnotes":""},"class_list":["post-2789","page","type-page","status-publish","hentry"],"acf":[],"yoast_head":"<!-- This site is optimized with the Yoast SEO plugin v27.4 - https:\/\/yoast.com\/product\/yoast-seo-wordpress\/ -->\n<title>Producers - Uma Mekk<\/title>\n<meta name=\"robots\" content=\"index, follow, max-snippet:-1, max-image-preview:large, max-video-preview:-1\" \/>\n<link rel=\"canonical\" href=\"https:\/\/umamekk.ee\/en\/producers\/\" \/>\n<meta property=\"og:locale\" content=\"en_US\" \/>\n<meta property=\"og:type\" content=\"article\" \/>\n<meta property=\"og:title\" content=\"Producers - Uma Mekk\" \/>\n<meta property=\"og:url\" content=\"https:\/\/umamekk.ee\/en\/producers\/\" \/>\n<meta property=\"og:site_name\" content=\"Uma Mekk\" \/>\n<meta property=\"article:publisher\" content=\"https:\/\/www.facebook.com\/umamekk\" \/>\n<meta property=\"article:modified_time\" content=\"2025-09-05T08:45:19+00:00\" \/>\n<meta property=\"og:image\" content=\"https:\/\/umamekk.ee\/wp-content\/uploads\/2017\/09\/uma-mekk-fb.jpg\" \/>\n\t<meta property=\"og:image:width\" content=\"200\" \/>\n\t<meta property=\"og:image:height\" content=\"200\" \/>\n\t<meta property=\"og:image:type\" content=\"image\/jpeg\" \/>\n<meta name=\"twitter:card\" content=\"summary_large_image\" \/>\n<script type=\"application\/ld+json\" class=\"yoast-schema-graph\">{\"@context\":\"https:\\\/\\\/schema.org\",\"@graph\":[{\"@type\":\"WebPage\",\"@id\":\"https:\\\/\\\/umamekk.ee\\\/en\\\/producers\\\/\",\"url\":\"https:\\\/\\\/umamekk.ee\\\/en\\\/producers\\\/\",\"name\":\"Producers - Uma Mekk\",\"isPartOf\":{\"@id\":\"https:\\\/\\\/umamekk.ee\\\/en\\\/#website\"},\"datePublished\":\"2021-07-22T06:08:05+00:00\",\"dateModified\":\"2025-09-05T08:45:19+00:00\",\"breadcrumb\":{\"@id\":\"https:\\\/\\\/umamekk.ee\\\/en\\\/producers\\\/#breadcrumb\"},\"inLanguage\":\"en-US\",\"potentialAction\":[{\"@type\":\"ReadAction\",\"target\":[\"https:\\\/\\\/umamekk.ee\\\/en\\\/producers\\\/\"]}]},{\"@type\":\"BreadcrumbList\",\"@id\":\"https:\\\/\\\/umamekk.ee\\\/en\\\/producers\\\/#breadcrumb\",\"itemListElement\":[{\"@type\":\"ListItem\",\"position\":1,\"name\":\"Home\",\"item\":\"https:\\\/\\\/umamekk.ee\\\/en\\\/\"},{\"@type\":\"ListItem\",\"position\":2,\"name\":\"Producers\"}]},{\"@type\":\"WebSite\",\"@id\":\"https:\\\/\\\/umamekk.ee\\\/en\\\/#website\",\"url\":\"https:\\\/\\\/umamekk.ee\\\/en\\\/\",\"name\":\"Uma Mekk\",\"description\":\"V\u00f5rumaa p\u00e4ritoluga toidu kaubam\u00e4rgis\",\"publisher\":{\"@id\":\"https:\\\/\\\/umamekk.ee\\\/en\\\/#organization\"},\"potentialAction\":[{\"@type\":\"SearchAction\",\"target\":{\"@type\":\"EntryPoint\",\"urlTemplate\":\"https:\\\/\\\/umamekk.ee\\\/en\\\/?s={search_term_string}\"},\"query-input\":{\"@type\":\"PropertyValueSpecification\",\"valueRequired\":true,\"valueName\":\"search_term_string\"}}],\"inLanguage\":\"en-US\"},{\"@type\":\"Organization\",\"@id\":\"https:\\\/\\\/umamekk.ee\\\/en\\\/#organization\",\"name\":\"Uma Mekk\",\"url\":\"https:\\\/\\\/umamekk.ee\\\/en\\\/\",\"logo\":{\"@type\":\"ImageObject\",\"inLanguage\":\"en-US\",\"@id\":\"https:\\\/\\\/umamekk.ee\\\/en\\\/#\\\/schema\\\/logo\\\/image\\\/\",\"url\":\"https:\\\/\\\/umamekk.ee\\\/wp-content\\\/uploads\\\/2017\\\/09\\\/uma-mekk-logo-big.png\",\"contentUrl\":\"https:\\\/\\\/umamekk.ee\\\/wp-content\\\/uploads\\\/2017\\\/09\\\/uma-mekk-logo-big.png\",\"width\":800,\"height\":1087,\"caption\":\"Uma Mekk\"},\"image\":{\"@id\":\"https:\\\/\\\/umamekk.ee\\\/en\\\/#\\\/schema\\\/logo\\\/image\\\/\"},\"sameAs\":[\"https:\\\/\\\/www.facebook.com\\\/umamekk\"]}]}<\/script>\n<!-- \/ Yoast SEO plugin. -->","yoast_head_json":{"title":"Producers - Uma Mekk","robots":{"index":"index","follow":"follow","max-snippet":"max-snippet:-1","max-image-preview":"max-image-preview:large","max-video-preview":"max-video-preview:-1"},"canonical":"https:\/\/umamekk.ee\/en\/producers\/","og_locale":"en_US","og_type":"article","og_title":"Producers - Uma Mekk","og_url":"https:\/\/umamekk.ee\/en\/producers\/","og_site_name":"Uma Mekk","article_publisher":"https:\/\/www.facebook.com\/umamekk","article_modified_time":"2025-09-05T08:45:19+00:00","og_image":[{"width":200,"height":200,"url":"https:\/\/umamekk.ee\/wp-content\/uploads\/2017\/09\/uma-mekk-fb.jpg","type":"image\/jpeg"}],"twitter_card":"summary_large_image","schema":{"@context":"https:\/\/schema.org","@graph":[{"@type":"WebPage","@id":"https:\/\/umamekk.ee\/en\/producers\/","url":"https:\/\/umamekk.ee\/en\/producers\/","name":"Producers - Uma Mekk","isPartOf":{"@id":"https:\/\/umamekk.ee\/en\/#website"},"datePublished":"2021-07-22T06:08:05+00:00","dateModified":"2025-09-05T08:45:19+00:00","breadcrumb":{"@id":"https:\/\/umamekk.ee\/en\/producers\/#breadcrumb"},"inLanguage":"en-US","potentialAction":[{"@type":"ReadAction","target":["https:\/\/umamekk.ee\/en\/producers\/"]}]},{"@type":"BreadcrumbList","@id":"https:\/\/umamekk.ee\/en\/producers\/#breadcrumb","itemListElement":[{"@type":"ListItem","position":1,"name":"Home","item":"https:\/\/umamekk.ee\/en\/"},{"@type":"ListItem","position":2,"name":"Producers"}]},{"@type":"WebSite","@id":"https:\/\/umamekk.ee\/en\/#website","url":"https:\/\/umamekk.ee\/en\/","name":"Uma Mekk","description":"V\u00f5rumaa p\u00e4ritoluga toidu kaubam\u00e4rgis","publisher":{"@id":"https:\/\/umamekk.ee\/en\/#organization"},"potentialAction":[{"@type":"SearchAction","target":{"@type":"EntryPoint","urlTemplate":"https:\/\/umamekk.ee\/en\/?s={search_term_string}"},"query-input":{"@type":"PropertyValueSpecification","valueRequired":true,"valueName":"search_term_string"}}],"inLanguage":"en-US"},{"@type":"Organization","@id":"https:\/\/umamekk.ee\/en\/#organization","name":"Uma Mekk","url":"https:\/\/umamekk.ee\/en\/","logo":{"@type":"ImageObject","inLanguage":"en-US","@id":"https:\/\/umamekk.ee\/en\/#\/schema\/logo\/image\/","url":"https:\/\/umamekk.ee\/wp-content\/uploads\/2017\/09\/uma-mekk-logo-big.png","contentUrl":"https:\/\/umamekk.ee\/wp-content\/uploads\/2017\/09\/uma-mekk-logo-big.png","width":800,"height":1087,"caption":"Uma Mekk"},"image":{"@id":"https:\/\/umamekk.ee\/en\/#\/schema\/logo\/image\/"},"sameAs":["https:\/\/www.facebook.com\/umamekk"]}]}},"_links":{"self":[{"href":"https:\/\/umamekk.ee\/en\/wp-json\/wp\/v2\/pages\/2789","targetHints":{"allow":["GET"]}}],"collection":[{"href":"https:\/\/umamekk.ee\/en\/wp-json\/wp\/v2\/pages"}],"about":[{"href":"https:\/\/umamekk.ee\/en\/wp-json\/wp\/v2\/types\/page"}],"author":[{"embeddable":true,"href":"https:\/\/umamekk.ee\/en\/wp-json\/wp\/v2\/users\/1"}],"replies":[{"embeddable":true,"href":"https:\/\/umamekk.ee\/en\/wp-json\/wp\/v2\/comments?post=2789"}],"version-history":[{"count":4,"href":"https:\/\/umamekk.ee\/en\/wp-json\/wp\/v2\/pages\/2789\/revisions"}],"predecessor-version":[{"id":9412,"href":"https:\/\/umamekk.ee\/en\/wp-json\/wp\/v2\/pages\/2789\/revisions\/9412"}],"wp:attachment":[{"href":"https:\/\/umamekk.ee\/en\/wp-json\/wp\/v2\/media?parent=2789"}],"curies":[{"name":"wp","href":"https:\/\/api.w.org\/{rel}","templated":true}]}}